{"id":19,"date":"2020-05-19T08:39:00","date_gmt":"2020-05-19T08:39:00","guid":{"rendered":"https:\/\/stockholm36.qodeinteractive.com\/?page_id=19"},"modified":"2026-03-31T05:55:12","modified_gmt":"2026-03-31T04:55:12","slug":"a-propos-de","status":"publish","type":"page","link":"https:\/\/www.msjorge.com\/fr\/sobre\/","title":{"rendered":"\u00c0 propos de nous"},"content":{"rendered":"<div data-elementor-type=\"wp-page\" data-elementor-id=\"19\" class=\"elementor elementor-19\">\n\t\t\t\t\t\t<section class=\"elementor-section elementor-top-section elementor-element elementor-element-44d2be8 elementor-section-full_width elementor-section-height-default elementor-section-height-default parallax_section_no qode_elementor_container_no qode-content-aligment-left\" data-id=\"44d2be8\" data-element_type=\"section\" data-e-type=\"section\" data-settings=\"{&quot;background_background&quot;:&quot;classic&quot;}\">\n\t\t\t\t\t\t<div class=\"elementor-container elementor-column-gap-default\">\n\t\t\t\t\t<div class=\"elementor-column elementor-col-100 elementor-top-column elementor-element elementor-element-58b0bb2\" data-id=\"58b0bb2\" data-element_type=\"column\" data-e-type=\"column\">\n\t\t\t<div class=\"elementor-widget-wrap elementor-element-populated\">\n\t\t\t\t\t\t<div class=\"elementor-element elementor-element-6e75167 elementor-widget elementor-widget-text-editor\" data-id=\"6e75167\" data-element_type=\"widget\" data-e-type=\"widget\" data-widget_type=\"text-editor.default\">\n\t\t\t\t\t\t\t\t\t<h1>Grossiste en meubles au Portugal.<\/h1>\t\t\t\t\t\t\t\t<\/div>\n\t\t\t\t\t<\/div>\n\t\t<\/div>\n\t\t\t\t\t<\/div>\n\t\t<\/section>\n\t\t\t\t<section class=\"elementor-section elementor-top-section elementor-element elementor-element-40c395ba qode_elementor_container_inner elementor-section-full_width elementor-section-height-default elementor-section-height-default parallax_section_no qode-content-aligment-left\" data-id=\"40c395ba\" data-element_type=\"section\" data-e-type=\"section\">\n\t\t\t\t\t\t<div class=\"elementor-container elementor-column-gap-default\">\n\t\t\t\t\t<div class=\"elementor-column elementor-col-50 elementor-top-column elementor-element elementor-element-76bce63f\" data-id=\"76bce63f\" data-element_type=\"column\" data-e-type=\"column\">\n\t\t\t<div class=\"elementor-widget-wrap elementor-element-populated\">\n\t\t\t\t\t\t<div class=\"elementor-element elementor-element-4b72c5a7 elementor-widget elementor-widget-text-editor\" data-id=\"4b72c5a7\" data-element_type=\"widget\" data-e-type=\"widget\" data-widget_type=\"text-editor.default\">\n\t\t\t\t\t\t\t\t\t<h6>\u00c0 propos de nous<\/h6>\t\t\t\t\t\t\t\t<\/div>\n\t\t\t\t<div class=\"elementor-element elementor-element-1f6fac1 elementor-widget elementor-widget-text-editor\" data-id=\"1f6fac1\" data-element_type=\"widget\" data-e-type=\"widget\" data-widget_type=\"text-editor.default\">\n\t\t\t\t\t\t\t\t\t<h2>Fournisseur de magasins de meubles.\u00a0<\/h2>\t\t\t\t\t\t\t\t<\/div>\n\t\t\t\t<div class=\"elementor-element elementor-element-4a05de33 elementor-widget elementor-widget-text-editor\" data-id=\"4a05de33\" data-element_type=\"widget\" data-e-type=\"widget\" data-widget_type=\"text-editor.default\">\n\t\t\t\t\t\t\t\t\t<h6>L'histoire<\/h6>\t\t\t\t\t\t\t\t<\/div>\n\t\t\t\t<div class=\"elementor-element elementor-element-59e1187f elementor-widget elementor-widget-text-editor\" data-id=\"59e1187f\" data-element_type=\"widget\" data-e-type=\"widget\" data-widget_type=\"text-editor.default\">\n\t\t\t\t\t\t\t\t\t<h4>M\u00f3veis S\u00e3o Jorge a \u00e9t\u00e9 fond\u00e9e par Jorge de Oliveira Leite et, depuis sa cr\u00e9ation, est une entreprise familiale qui se consacre \u00e0 la distribution en gros de meubles. Avec plus de trois d\u00e9cennies d'activit\u00e9, nous nous sommes impos\u00e9s comme un partenaire de r\u00e9f\u00e9rence pour les magasins de meubles au Portugal, en Europe et dans les pays PALOP.<\/h4>\t\t\t\t\t\t\t\t<\/div>\n\t\t\t\t<div class=\"elementor-element elementor-element-53647f2 elementor-widget elementor-widget-text-editor\" data-id=\"53647f2\" data-element_type=\"widget\" data-e-type=\"widget\" data-widget_type=\"text-editor.default\">\n\t\t\t\t\t\t\t\t\t<h6>Fournisseur de meubles<\/h6>\t\t\t\t\t\t\t\t<\/div>\n\t\t\t\t<div class=\"elementor-element elementor-element-5c8681a4 elementor-widget elementor-widget-text-editor\" data-id=\"5c8681a4\" data-element_type=\"widget\" data-e-type=\"widget\" data-widget_type=\"text-editor.default\">\n\t\t\t\t\t\t\t\t\t<h4>Deux entrep\u00f4ts et notre propre flotte pour les livraisons entre Porto et Aveiro. Nous travaillons directement avec les meilleures usines de meubles du Portugal, ce qui nous permet de proposer des produits de qualit\u00e9 \u00e9prouv\u00e9e \u00e0 des prix comp\u00e9titifs pour la revente.<\/h4>\t\t\t\t\t\t\t\t<\/div>\n\t\t\t\t<div class=\"elementor-element elementor-element-d12b51d elementor-widget elementor-widget-text-editor\" data-id=\"d12b51d\" data-element_type=\"widget\" data-e-type=\"widget\" data-widget_type=\"text-editor.default\">\n\t\t\t\t\t\t\t\t\t<h6>Entrep\u00f4t physique et num\u00e9rique<\/h6>\t\t\t\t\t\t\t\t<\/div>\n\t\t\t\t<div class=\"elementor-element elementor-element-3d89021e elementor-widget elementor-widget-text-editor\" data-id=\"3d89021e\" data-element_type=\"widget\" data-e-type=\"widget\" data-widget_type=\"text-editor.default\">\n\t\t\t\t\t\t\t\t\t<h4>Nous fournissons des magasins de meubles et des revendeurs dans tout le Portugal, avec une pr\u00e9sence croissante sur les march\u00e9s europ\u00e9ens et les pays PALOP. Si vous avez un magasin de meubles physique ou en ligne, nous sommes votre partenaire id\u00e9al.<\/h4>\t\t\t\t\t\t\t\t<\/div>\n\t\t\t\t\t<\/div>\n\t\t<\/div>\n\t\t\t\t<div class=\"elementor-column elementor-col-50 elementor-top-column elementor-element elementor-element-1abf6ce5\" data-id=\"1abf6ce5\" data-element_type=\"column\" data-e-type=\"column\">\n\t\t\t<div class=\"elementor-widget-wrap elementor-element-populated\">\n\t\t\t\t\t\t<div class=\"elementor-element elementor-element-3ba39492 elementor-widget elementor-widget-image\" data-id=\"3ba39492\" data-element_type=\"widget\" data-e-type=\"widget\" data-widget_type=\"image.default\">\n\t\t\t\t\t\t\t\t\t\t\t\t\t\t\t<img fetchpriority=\"high\" decoding=\"async\" width=\"800\" height=\"978\" src=\"https:\/\/www.msjorge.com\/wp-content\/uploads\/moveis-sao-jorge-05.jpg\" class=\"attachment-full size-full wp-image-705\" alt=\"Locaux de M\u00f3veis S\u00e3o Jorge - grossiste en meubles avec entrep\u00f4t \u00e0 Cortega\u00e7a\" srcset=\"https:\/\/www.msjorge.com\/wp-content\/uploads\/moveis-sao-jorge-05.jpg 800w, https:\/\/www.msjorge.com\/wp-content\/uploads\/moveis-sao-jorge-05-245x300.jpg 245w, https:\/\/www.msjorge.com\/wp-content\/uploads\/moveis-sao-jorge-05-768x939.jpg 768w, https:\/\/www.msjorge.com\/wp-content\/uploads\/moveis-sao-jorge-05-700x856.jpg 700w, https:\/\/www.msjorge.com\/wp-content\/uploads\/moveis-sao-jorge-05-600x734.jpg 600w\" sizes=\"(max-width: 800px) 100vw, 800px\" \/>\t\t\t\t\t\t\t\t\t\t\t\t\t\t\t<\/div>\n\t\t\t\t\t<\/div>\n\t\t<\/div>\n\t\t\t\t\t<\/div>\n\t\t<\/section>\n\t\t\t\t<section class=\"elementor-section elementor-top-section elementor-element elementor-element-24e22eeb elementor-section-full_width elementor-section-height-default elementor-section-height-default parallax_section_no qode_elementor_container_no qode-content-aligment-left\" data-id=\"24e22eeb\" data-element_type=\"section\" data-e-type=\"section\">\n\t\t\t\t\t\t<div class=\"elementor-container elementor-column-gap-default\">\n\t\t\t\t\t<div class=\"elementor-column elementor-col-100 elementor-top-column elementor-element elementor-element-616b61fd\" data-id=\"616b61fd\" data-element_type=\"column\" data-e-type=\"column\" data-settings=\"{&quot;background_background&quot;:&quot;classic&quot;}\">\n\t\t\t<div class=\"elementor-widget-wrap elementor-element-populated\">\n\t\t\t\t\t\t<div class=\"elementor-element elementor-element-001a777 elementor-widget elementor-widget-image\" data-id=\"001a777\" data-element_type=\"widget\" data-e-type=\"widget\" data-widget_type=\"image.default\">\n\t\t\t\t\t\t\t\t\t\t\t\t\t\t\t<img decoding=\"async\" width=\"1920\" height=\"705\" src=\"https:\/\/www.msjorge.com\/wp-content\/uploads\/catalogos-de-mobiliario-2.jpg\" class=\"attachment-full size-full wp-image-896\" alt=\"catalogues de meubles du grossiste M\u00f3veis S\u00e3o Jorge au Portugal\" srcset=\"https:\/\/www.msjorge.com\/wp-content\/uploads\/catalogos-de-mobiliario-2.jpg 1920w, https:\/\/www.msjorge.com\/wp-content\/uploads\/catalogos-de-mobiliario-2-300x110.jpg 300w, https:\/\/www.msjorge.com\/wp-content\/uploads\/catalogos-de-mobiliario-2-1024x376.jpg 1024w, https:\/\/www.msjorge.com\/wp-content\/uploads\/catalogos-de-mobiliario-2-768x282.jpg 768w, https:\/\/www.msjorge.com\/wp-content\/uploads\/catalogos-de-mobiliario-2-1536x564.jpg 1536w, https:\/\/www.msjorge.com\/wp-content\/uploads\/catalogos-de-mobiliario-2-700x257.jpg 700w, https:\/\/www.msjorge.com\/wp-content\/uploads\/catalogos-de-mobiliario-2-1100x404.jpg 1100w, https:\/\/www.msjorge.com\/wp-content\/uploads\/catalogos-de-mobiliario-2-600x220.jpg 600w\" sizes=\"(max-width: 1920px) 100vw, 1920px\" \/>\t\t\t\t\t\t\t\t\t\t\t\t\t\t\t<\/div>\n\t\t\t\t<div class=\"elementor-element elementor-element-2012578 elementor-widget elementor-widget-text-editor\" data-id=\"2012578\" data-element_type=\"widget\" data-e-type=\"widget\" data-widget_type=\"text-editor.default\">\n\t\t\t\t\t\t\t\t\t<h3><span style=\"color: #333333;\"><a style=\"color: #333333;\" href=\"\/fr\/catalogues\/\"><span style=\"text-decoration: underline;\">Catalogues de meubles<\/span><\/a><\/span><\/h3>\t\t\t\t\t\t\t\t<\/div>\n\t\t\t\t\t<\/div>\n\t\t<\/div>\n\t\t\t\t\t<\/div>\n\t\t<\/section>\n\t\t\t\t<section class=\"elementor-section elementor-top-section elementor-element elementor-element-7e2b6835 elementor-section-full_width elementor-section-height-default elementor-section-height-default parallax_section_no qode_elementor_container_no qode-content-aligment-left\" data-id=\"7e2b6835\" data-element_type=\"section\" data-e-type=\"section\" data-settings=\"{&quot;background_background&quot;:&quot;classic&quot;}\">\n\t\t\t\t\t\t<div class=\"elementor-container elementor-column-gap-default\">\n\t\t\t\t\t<div class=\"elementor-column elementor-col-50 elementor-top-column elementor-element elementor-element-5e9cc72d\" data-id=\"5e9cc72d\" data-element_type=\"column\" data-e-type=\"column\">\n\t\t\t<div class=\"elementor-widget-wrap elementor-element-populated\">\n\t\t\t\t\t\t<div class=\"elementor-element elementor-element-7bef17c1 elementor-widget elementor-widget-image\" data-id=\"7bef17c1\" data-element_type=\"widget\" data-e-type=\"widget\" data-widget_type=\"image.default\">\n\t\t\t\t\t\t\t\t\t\t\t\t\t\t\t<img decoding=\"async\" width=\"595\" height=\"446\" src=\"https:\/\/www.msjorge.com\/wp-content\/uploads\/h-img-02.jpg\" class=\"attachment-full size-full wp-image-86\" alt=\"fauteuil rembourr\u00e9 disponible aupr\u00e8s du distributeur M\u00f3veis S\u00e3o Jorge\" srcset=\"https:\/\/www.msjorge.com\/wp-content\/uploads\/h-img-02.jpg 595w, https:\/\/www.msjorge.com\/wp-content\/uploads\/h-img-02-300x225.jpg 300w\" sizes=\"(max-width: 595px) 100vw, 595px\" \/>\t\t\t\t\t\t\t\t\t\t\t\t\t\t\t<\/div>\n\t\t\t\t\t<\/div>\n\t\t<\/div>\n\t\t\t\t<div class=\"elementor-column elementor-col-50 elementor-top-column elementor-element elementor-element-4ba41dd5\" data-id=\"4ba41dd5\" data-element_type=\"column\" data-e-type=\"column\" data-settings=\"{&quot;background_background&quot;:&quot;classic&quot;}\">\n\t\t\t<div class=\"elementor-widget-wrap elementor-element-populated\">\n\t\t\t\t\t\t<div class=\"elementor-element elementor-element-39e8e68f elementor-widget elementor-widget-text-editor\" data-id=\"39e8e68f\" data-element_type=\"widget\" data-e-type=\"widget\" data-widget_type=\"text-editor.default\">\n\t\t\t\t\t\t\t\t\t<h6>Commerce \u00e9lectronique<\/h6>\t\t\t\t\t\t\t\t<\/div>\n\t\t\t\t<div class=\"elementor-element elementor-element-6ba2043 elementor-widget elementor-widget-text-editor\" data-id=\"6ba2043\" data-element_type=\"widget\" data-e-type=\"widget\" data-widget_type=\"text-editor.default\">\n\t\t\t\t\t\t\t\t\t<h3>Plate-forme B2B pour les magasins de meubles<\/h3>\t\t\t\t\t\t\t\t<\/div>\n\t\t\t\t<div class=\"elementor-element elementor-element-7d52a5fe elementor-widget elementor-widget-text-editor\" data-id=\"7d52a5fe\" data-element_type=\"widget\" data-e-type=\"widget\" data-widget_type=\"text-editor.default\">\n\t\t\t\t\t\t\t\t\t<h5>Si vous poss\u00e9dez un magasin de meubles, vous pouvez facilement importer nos articles dans votre boutique en ligne. L'importation est un processus simple et rapide et notre \u00e9quipe peut vous aider tout au long du processus. <a href=\"\/fr\/contacts\/\">Prendre contact<\/a> pour en savoir plus.<\/h5>\t\t\t\t\t\t\t\t<\/div>\n\t\t\t\t\t<\/div>\n\t\t<\/div>\n\t\t\t\t\t<\/div>\n\t\t<\/section>\n\t\t\t\t<\/div>","protected":false},"excerpt":{"rendered":"<p>Grossiste en meubles au Portugal. A propos de nous Fournisseur de magasins de meubles.  Historique M\u00f3veis S\u00e3o Jorge a \u00e9t\u00e9 fond\u00e9e par Jorge de Oliveira Leite et a \u00e9t\u00e9 une entreprise familiale d\u00e9di\u00e9e \u00e0 la distribution en gros de meubles depuis sa cr\u00e9ation. Avec plus de trois d\u00e9cennies...<\/p>","protected":false},"author":1,"featured_media":0,"parent":0,"menu_order":0,"comment_status":"closed","ping_status":"closed","template":"full_width.php","meta":{"rs_blank_template":"","rs_page_bg_color":"#ffffff","slide_template_v7":"","footnotes":""},"class_list":["post-19","page","type-page","status-publish","hentry"],"_links":{"self":[{"href":"https:\/\/www.msjorge.com\/fr\/wp-json\/wp\/v2\/pages\/19","targetHints":{"allow":["GET"]}}],"collection":[{"href":"https:\/\/www.msjorge.com\/fr\/wp-json\/wp\/v2\/pages"}],"about":[{"href":"https:\/\/www.msjorge.com\/fr\/wp-json\/wp\/v2\/types\/page"}],"author":[{"embeddable":true,"href":"https:\/\/www.msjorge.com\/fr\/wp-json\/wp\/v2\/users\/1"}],"replies":[{"embeddable":true,"href":"https:\/\/www.msjorge.com\/fr\/wp-json\/wp\/v2\/comments?post=19"}],"version-history":[{"count":3,"href":"https:\/\/www.msjorge.com\/fr\/wp-json\/wp\/v2\/pages\/19\/revisions"}],"predecessor-version":[{"id":1184,"href":"https:\/\/www.msjorge.com\/fr\/wp-json\/wp\/v2\/pages\/19\/revisions\/1184"}],"wp:attachment":[{"href":"https:\/\/www.msjorge.com\/fr\/wp-json\/wp\/v2\/media?parent=19"}],"curies":[{"name":"wp","href":"https:\/\/api.w.org\/{rel}","templated":true}]}}