{"id":435,"date":"2020-05-19T08:38:22","date_gmt":"2020-05-19T08:38:22","guid":{"rendered":"https:\/\/stockholm36.qodeinteractive.com\/?page_id=18"},"modified":"2026-03-31T06:58:04","modified_gmt":"2026-03-31T05:58:04","slug":"inicio","status":"publish","type":"page","link":"https:\/\/www.msjorge.com\/fr\/","title":{"rendered":"Accueil"},"content":{"rendered":"\t\t<div data-elementor-type=\"wp-page\" data-elementor-id=\"435\" class=\"elementor elementor-435\">\n\t\t\t\t\t\t<section class=\"elementor-section elementor-top-section elementor-element elementor-element-5f55012 elementor-section-full_width elementor-section-height-default elementor-section-height-default parallax_section_no qode_elementor_container_no qode-content-aligment-left\" data-id=\"5f55012\" data-element_type=\"section\" data-e-type=\"section\">\n\t\t\t\t\t\t<div class=\"elementor-container elementor-column-gap-default\">\n\t\t\t\t\t<div class=\"elementor-column elementor-col-100 elementor-top-column elementor-element elementor-element-1ef617a\" data-id=\"1ef617a\" data-element_type=\"column\" data-e-type=\"column\">\n\t\t\t<div class=\"elementor-widget-wrap elementor-element-populated\">\n\t\t\t\t\t\t<div class=\"elementor-element elementor-element-7177625 elementor-widget elementor-widget-slider_revolution\" data-id=\"7177625\" data-element_type=\"widget\" data-e-type=\"widget\" data-widget_type=\"slider_revolution.default\">\n\t\t\t\t\t<div class=\"wp-block-themepunch-revslider revslider\">\n\t\t\t\t<p class=\"rs-p-wp-fix\"><\/p>\n\t\t\t\t<sr7-module data-alias=\"home\" data-id=\"1\" id=\"SR7_1_1\" data-version=\"7.0.4\">\n\t\t\t\t\t<sr7-adjuster><\/sr7-adjuster>\n\t\t\t\t\t<sr7-content>\n\t\t\t\t\t\t<sr7-slide id=\"SR7_1_1-1\" data-key=\"1\">\n\t\t\t\t\t\t\t<sr7-bg id=\"SR7_1_1-1-1\" class=\"sr7-layer\"><noscript><img decoding=\"async\" src=\"https:\/\/www.msjorge.com\/wp-content\/uploads\/revslider\/home\/h-rev-img-01.jpg\" alt=\"mobili\u00e1rio de sala e jantar - M\u00f3veis S\u00e3o Jorge distribuidor de mobili\u00e1rio em Portugal\" title=\"h-rev-img-01.jpg\"><\/noscript><\/sr7-bg>\n\t\t\t\t\t\t<\/sr7-slide>\n\t\t\t\t\t\t<sr7-slide id=\"SR7_1_1-4\" data-key=\"4\">\n\t\t\t\t\t\t\t<h1 id=\"SR7_1_1-4-4\" class=\"sr7-layer\">Distribuidor de <br>mobili\u00e1rio, sof\u00e1s e colch\u00f5es.<\/h1>\n\t\t\t\t\t\t\t<a id=\"SR7_1_1-4-5\" class=\"sr7-layer\" href=\"http:\/\/www.msjorge.com\/catalogos\/\" target=\"_self\">Ver Cat\u00e1logos<\/a>\n\t\t\t\t\t\t<\/sr7-slide>\n\t\t\t\t\t<\/sr7-content>\n\t\t\t\t\t<image_lists style=\"display:none\">\n\t\t\t\t\t\t<img data-src=\"\/\/www.msjorge.com\/wp-content\/uploads\/revslider\/o\/1\/63a42bfdb7164767ed913c99eea3a423.webp\" data-libid=\"442\" data-lib=\"medialibrary\" alt=\"mobili\u00e1rio de sala e jantar - M\u00f3veis S\u00e3o Jorge distribuidor de mobili\u00e1rio em Portugal\" title=\"h-rev-img-01.jpg\" width=\"0\" height=\"0\" data-dbsrc=\"Ly93d3cubXNqb3JnZS5jb20vd3AtY29udGVudC91cGxvYWRzL3JldnNsaWRlci9ob21lL2gtcmV2LWltZy0wMS5qcGc=\"\/>\n\t\t\t\t\t<\/image_lists>\n\t\t\t\t<\/sr7-module>\n\t\t\t\t<script>\n\t\t\t\t\twindow.SR7??={}; SR7.PMH ??={}; SR7.PMH[\"SR7_1_1\"] = {cn:100,state:false,fn: function() { if (window._tpt!==undefined && window._tpt.prepareModuleHeight !== undefined) {  _tpt.prepareModuleHeight({id:\"SR7_1_1\",el:[851,851,851,960,851],type:'standard',gh:[900,900,768,960,720],gw:[1920,1920,1700,778,480],vpt:['-100px&#039;,&#039;-100px&#039;,&#039;-100px&#039;,&#039;-100px&#039;,&#039;-100px'],size:{fullWidth:true, fullHeight:true},fho:'',mh:'0',onh:0,onw:0,bg:{color:'{\"orig\":\"transparent\",\"type\":\"solid\",\"string\":\"transparent\"}'},plType:'0',plColor:'#FFFFFF'});   SR7.PMH[\"SR7_1_1\"].state=true;} else if(SR7.PMH[\"SR7_1_1\"].cn-->0)\tsetTimeout( SR7.PMH[\"SR7_1_1\"].fn,19);}};SR7.PMH[\"SR7_1_1\" ].fn();\n\t\t\t\t<\/script>\n<\/div>\t\t\t\t<\/div>\n\t\t\t\t\t<\/div>\n\t\t<\/div>\n\t\t\t\t\t<\/div>\n\t\t<\/section>\n\t\t\t\t<section class=\"elementor-section elementor-top-section elementor-element elementor-element-db0e1ce qode_elementor_container_inner elementor-section-full_width elementor-section-height-default elementor-section-height-default parallax_section_no qode-content-aligment-left\" data-id=\"db0e1ce\" data-element_type=\"section\" data-e-type=\"section\">\n\t\t\t\t\t\t<div class=\"elementor-container elementor-column-gap-default\">\n\t\t\t\t\t<div class=\"elementor-column elementor-col-50 elementor-top-column elementor-element elementor-element-bed381c\" data-id=\"bed381c\" data-element_type=\"column\" data-e-type=\"column\">\n\t\t\t<div class=\"elementor-widget-wrap elementor-element-populated\">\n\t\t\t\t\t\t<div class=\"elementor-element elementor-element-bd3865c elementor-widget elementor-widget-text-editor\" data-id=\"bd3865c\" data-element_type=\"widget\" data-e-type=\"widget\" data-widget_type=\"text-editor.default\">\n\t\t\t\t\t\t\t\t\t<h6>Sobre N\u00f3s<\/h6>\t\t\t\t\t\t\t\t<\/div>\n\t\t\t\t<div class=\"elementor-element elementor-element-2e1fc82 elementor-widget elementor-widget-text-editor\" data-id=\"2e1fc82\" data-element_type=\"widget\" data-e-type=\"widget\" data-widget_type=\"text-editor.default\">\n\t\t\t\t\t\t\t\t\t<h2>Grossista de M\u00f3veis, Sof\u00e1s e Colch\u00f5es.<\/h2>\t\t\t\t\t\t\t\t<\/div>\n\t\t\t\t<div class=\"elementor-element elementor-element-6b88c65 elementor-widget elementor-widget-text-editor\" data-id=\"6b88c65\" data-element_type=\"widget\" data-e-type=\"widget\" data-widget_type=\"text-editor.default\">\n\t\t\t\t\t\t\t\t\t<h6>Hist\u00f3ria<\/h6>\t\t\t\t\t\t\t\t<\/div>\n\t\t\t\t<div class=\"elementor-element elementor-element-ecd6dcd elementor-widget elementor-widget-text-editor\" data-id=\"ecd6dcd\" data-element_type=\"widget\" data-e-type=\"widget\" data-widget_type=\"text-editor.default\">\n\t\t\t\t\t\t\t\t\t<h4>A M\u00f3veis S\u00e3o Jorge \u00e9 um distribuidor de mobili\u00e1rio, sof\u00e1s e colch\u00f5es que opera como grossista e fornecedor de lojas de m\u00f3veis e revendedores. Com mais de 30 anos de experi\u00eancia e instala\u00e7\u00f5es com 7.000 m\u00b2, somos um parceiro de refer\u00eancia para lojistas em Portugal.<\/h4>\t\t\t\t\t\t\t\t<\/div>\n\t\t\t\t<div class=\"elementor-element elementor-element-9152000 elementor-widget elementor-widget-text-editor\" data-id=\"9152000\" data-element_type=\"widget\" data-e-type=\"widget\" data-widget_type=\"text-editor.default\">\n\t\t\t\t\t\t\t\t\t<h6>Vantagens<\/h6>\t\t\t\t\t\t\t\t<\/div>\n\t\t\t\t<div class=\"elementor-element elementor-element-8a3a482 elementor-widget elementor-widget-text-editor\" data-id=\"8a3a482\" data-element_type=\"widget\" data-e-type=\"widget\" data-widget_type=\"text-editor.default\">\n\t\t\t\t\t\t\t\t\t<h4>Trabalhamos com as melhores f\u00e1bricas de mobili\u00e1rio em Portugal, o que nos permite oferecer uma gama ampla e competitiva de produtos. Centralize v\u00e1rios fabricantes num \u00fanico fornecedor, sem quantidades m\u00ednimas de encomenda.<\/h4>\t\t\t\t\t\t\t\t<\/div>\n\t\t\t\t<div class=\"elementor-element elementor-element-d8cbdb7 elementor-widget elementor-widget-text-editor\" data-id=\"d8cbdb7\" data-element_type=\"widget\" data-e-type=\"widget\" data-widget_type=\"text-editor.default\">\n\t\t\t\t\t\t\t\t\t<h6>Lojas Online<\/h6>\t\t\t\t\t\t\t\t<\/div>\n\t\t\t\t<div class=\"elementor-element elementor-element-2984c42 elementor-widget elementor-widget-text-editor\" data-id=\"2984c42\" data-element_type=\"widget\" data-e-type=\"widget\" data-widget_type=\"text-editor.default\">\n\t\t\t\t\t\t\t\t\t<h4>A nossa plataforma B2B permite integrar os produtos na sua loja online de forma r\u00e1pida e f\u00e1cil atrav\u00e9s de ficheiro CSV ou API.<\/h4>\t\t\t\t\t\t\t\t<\/div>\n\t\t\t\t\t<\/div>\n\t\t<\/div>\n\t\t\t\t<div class=\"elementor-column elementor-col-50 elementor-top-column elementor-element elementor-element-6fa9b7f\" data-id=\"6fa9b7f\" data-element_type=\"column\" data-e-type=\"column\">\n\t\t\t<div class=\"elementor-widget-wrap elementor-element-populated\">\n\t\t\t\t\t\t<div class=\"elementor-element elementor-element-e9baa2e elementor-widget elementor-widget-image\" data-id=\"e9baa2e\" data-element_type=\"widget\" data-e-type=\"widget\" data-widget_type=\"image.default\">\n\t\t\t\t\t\t\t\t\t\t\t\t\t\t\t<img fetchpriority=\"high\" decoding=\"async\" width=\"800\" height=\"978\" src=\"https:\/\/www.msjorge.com\/wp-content\/uploads\/moveis-sao-jorge-05.jpg\" class=\"attachment-full size-full wp-image-705\" alt=\"instala\u00e7\u00f5es da M\u00f3veis S\u00e3o Jorge - grossista de mobili\u00e1rio com armaz\u00e9m em cortega\u00e7a\" srcset=\"https:\/\/www.msjorge.com\/wp-content\/uploads\/moveis-sao-jorge-05.jpg 800w, https:\/\/www.msjorge.com\/wp-content\/uploads\/moveis-sao-jorge-05-245x300.jpg 245w, https:\/\/www.msjorge.com\/wp-content\/uploads\/moveis-sao-jorge-05-768x939.jpg 768w, https:\/\/www.msjorge.com\/wp-content\/uploads\/moveis-sao-jorge-05-700x856.jpg 700w, https:\/\/www.msjorge.com\/wp-content\/uploads\/moveis-sao-jorge-05-600x734.jpg 600w\" sizes=\"(max-width: 800px) 100vw, 800px\" \/>\t\t\t\t\t\t\t\t\t\t\t\t\t\t\t<\/div>\n\t\t\t\t\t<\/div>\n\t\t<\/div>\n\t\t\t\t\t<\/div>\n\t\t<\/section>\n\t\t\t\t<section class=\"elementor-section elementor-top-section elementor-element elementor-element-8910837 elementor-section-full_width elementor-section-height-default elementor-section-height-default parallax_section_no qode_elementor_container_no qode-content-aligment-left\" data-id=\"8910837\" data-element_type=\"section\" data-e-type=\"section\">\n\t\t\t\t\t\t<div class=\"elementor-container elementor-column-gap-default\">\n\t\t\t\t\t<div class=\"elementor-column elementor-col-100 elementor-top-column elementor-element elementor-element-35f3218\" data-id=\"35f3218\" data-element_type=\"column\" data-e-type=\"column\" data-settings=\"{&quot;background_background&quot;:&quot;classic&quot;}\">\n\t\t\t<div class=\"elementor-widget-wrap elementor-element-populated\">\n\t\t\t\t\t\t<div class=\"elementor-element elementor-element-7ec6786 elementor-widget elementor-widget-image\" data-id=\"7ec6786\" data-element_type=\"widget\" data-e-type=\"widget\" data-widget_type=\"image.default\">\n\t\t\t\t\t\t\t\t\t\t\t\t\t\t\t<img decoding=\"async\" width=\"1920\" height=\"705\" src=\"https:\/\/www.msjorge.com\/wp-content\/uploads\/catalogos-de-mobiliario-2.jpg\" class=\"attachment-full size-full wp-image-896\" alt=\"cat\u00e1logos de mobili\u00e1rio do grossista M\u00f3veis S\u00e3o Jorge em Portugal\" srcset=\"https:\/\/www.msjorge.com\/wp-content\/uploads\/catalogos-de-mobiliario-2.jpg 1920w, https:\/\/www.msjorge.com\/wp-content\/uploads\/catalogos-de-mobiliario-2-300x110.jpg 300w, https:\/\/www.msjorge.com\/wp-content\/uploads\/catalogos-de-mobiliario-2-1024x376.jpg 1024w, https:\/\/www.msjorge.com\/wp-content\/uploads\/catalogos-de-mobiliario-2-768x282.jpg 768w, https:\/\/www.msjorge.com\/wp-content\/uploads\/catalogos-de-mobiliario-2-1536x564.jpg 1536w, https:\/\/www.msjorge.com\/wp-content\/uploads\/catalogos-de-mobiliario-2-700x257.jpg 700w, https:\/\/www.msjorge.com\/wp-content\/uploads\/catalogos-de-mobiliario-2-1100x404.jpg 1100w, https:\/\/www.msjorge.com\/wp-content\/uploads\/catalogos-de-mobiliario-2-600x220.jpg 600w\" sizes=\"(max-width: 1920px) 100vw, 1920px\" \/>\t\t\t\t\t\t\t\t\t\t\t\t\t\t\t<\/div>\n\t\t\t\t<div class=\"elementor-element elementor-element-68f6cb9 elementor-widget elementor-widget-text-editor\" data-id=\"68f6cb9\" data-element_type=\"widget\" data-e-type=\"widget\" data-widget_type=\"text-editor.default\">\n\t\t\t\t\t\t\t\t\t<h3><span style=\"color: #333333;\"><a style=\"color: #333333;\" href=\"\/catalogos\/\"><span style=\"text-decoration: underline;\">Ver Cat\u00e1logos de Mobili\u00e1rio<\/span><\/a><\/span><\/h3>\t\t\t\t\t\t\t\t<\/div>\n\t\t\t\t\t<\/div>\n\t\t<\/div>\n\t\t\t\t\t<\/div>\n\t\t<\/section>\n\t\t\t\t<section class=\"elementor-section elementor-top-section elementor-element elementor-element-c0c9d94 elementor-section-full_width elementor-section-height-default elementor-section-height-default parallax_section_no qode_elementor_container_no qode-content-aligment-left\" data-id=\"c0c9d94\" data-element_type=\"section\" data-e-type=\"section\" data-settings=\"{&quot;background_background&quot;:&quot;classic&quot;}\">\n\t\t\t\t\t\t<div class=\"elementor-container elementor-column-gap-default\">\n\t\t\t\t\t<div class=\"elementor-column elementor-col-50 elementor-top-column elementor-element elementor-element-0988022\" data-id=\"0988022\" data-element_type=\"column\" data-e-type=\"column\">\n\t\t\t<div class=\"elementor-widget-wrap elementor-element-populated\">\n\t\t\t\t\t\t<div class=\"elementor-element elementor-element-669d519 elementor-widget elementor-widget-image\" data-id=\"669d519\" data-element_type=\"widget\" data-e-type=\"widget\" data-widget_type=\"image.default\">\n\t\t\t\t\t\t\t\t\t\t\t\t\t\t\t<img loading=\"lazy\" decoding=\"async\" width=\"595\" height=\"446\" src=\"https:\/\/www.msjorge.com\/wp-content\/uploads\/h-img-02.jpg\" class=\"attachment-full size-full wp-image-86\" alt=\"cadeir\u00e3o estofado dispon\u00edvel no distribuidor M\u00f3veis S\u00e3o Jorge\" srcset=\"https:\/\/www.msjorge.com\/wp-content\/uploads\/h-img-02.jpg 595w, https:\/\/www.msjorge.com\/wp-content\/uploads\/h-img-02-300x225.jpg 300w\" sizes=\"(max-width: 595px) 100vw, 595px\" \/>\t\t\t\t\t\t\t\t\t\t\t\t\t\t\t<\/div>\n\t\t\t\t\t<\/div>\n\t\t<\/div>\n\t\t\t\t<div class=\"elementor-column elementor-col-50 elementor-top-column elementor-element elementor-element-a5a14d5\" data-id=\"a5a14d5\" data-element_type=\"column\" data-e-type=\"column\" data-settings=\"{&quot;background_background&quot;:&quot;classic&quot;}\">\n\t\t\t<div class=\"elementor-widget-wrap elementor-element-populated\">\n\t\t\t\t\t\t<div class=\"elementor-element elementor-element-4c1a5ca elementor-widget elementor-widget-text-editor\" data-id=\"4c1a5ca\" data-element_type=\"widget\" data-e-type=\"widget\" data-widget_type=\"text-editor.default\">\n\t\t\t\t\t\t\t\t\t<h6>Plataforma B2B<\/h6>\t\t\t\t\t\t\t\t<\/div>\n\t\t\t\t<div class=\"elementor-element elementor-element-446c35f elementor-widget elementor-widget-text-editor\" data-id=\"446c35f\" data-element_type=\"widget\" data-e-type=\"widget\" data-widget_type=\"text-editor.default\">\n\t\t\t\t\t\t\t\t\t<h3>Os nossos artigos na sua loja online.<\/h3>\t\t\t\t\t\t\t\t<\/div>\n\t\t\t\t<div class=\"elementor-element elementor-element-9df880d elementor-widget elementor-widget-text-editor\" data-id=\"9df880d\" data-element_type=\"widget\" data-e-type=\"widget\" data-widget_type=\"text-editor.default\">\n\t\t\t\t\t\t\t\t\t<h5>A nossa plataforma B2B foi criada para lojas online de mobili\u00e1rio. Permite importar os nossos artigos \u2014 com descri\u00e7\u00e3o, imagens e dados t\u00e9cnicos \u2014 diretamente para a sua loja, atrav\u00e9s de ficheiro CSV ou integra\u00e7\u00e3o via API. Importe os produtos, aplique a sua margem de lucro e comece a vender!<\/h5>\t\t\t\t\t\t\t\t<\/div>\n\t\t\t\t\t<\/div>\n\t\t<\/div>\n\t\t\t\t\t<\/div>\n\t\t<\/section>\n\t\t\t\t<\/div>\n\t\t","protected":false},"excerpt":{"rendered":"<p>\u00c0 propos de nous Distributeur de meubles, de canap\u00e9s et de matelas. Historique M\u00f3veis S\u00e3o Jorge est un distributeur de meubles, canap\u00e9s et matelas qui op\u00e8re en tant que grossiste et fournisseur de magasins de meubles et de d\u00e9taillants. Avec plus de 30 ans d'exp\u00e9rience et des locaux d'une superficie de 7 000 m\u00b2,...<\/p>","protected":false},"author":1,"featured_media":0,"parent":0,"menu_order":0,"comment_status":"closed","ping_status":"closed","template":"","meta":{"rs_blank_template":"","rs_page_bg_color":"#ffffff","slide_template_v7":"","footnotes":""},"class_list":["post-435","page","type-page","status-publish","hentry"],"_links":{"self":[{"href":"https:\/\/www.msjorge.com\/fr\/wp-json\/wp\/v2\/pages\/435","targetHints":{"allow":["GET"]}}],"collection":[{"href":"https:\/\/www.msjorge.com\/fr\/wp-json\/wp\/v2\/pages"}],"about":[{"href":"https:\/\/www.msjorge.com\/fr\/wp-json\/wp\/v2\/types\/page"}],"author":[{"embeddable":true,"href":"https:\/\/www.msjorge.com\/fr\/wp-json\/wp\/v2\/users\/1"}],"replies":[{"embeddable":true,"href":"https:\/\/www.msjorge.com\/fr\/wp-json\/wp\/v2\/comments?post=435"}],"version-history":[{"count":18,"href":"https:\/\/www.msjorge.com\/fr\/wp-json\/wp\/v2\/pages\/435\/revisions"}],"predecessor-version":[{"id":1187,"href":"https:\/\/www.msjorge.com\/fr\/wp-json\/wp\/v2\/pages\/435\/revisions\/1187"}],"wp:attachment":[{"href":"https:\/\/www.msjorge.com\/fr\/wp-json\/wp\/v2\/media?parent=435"}],"curies":[{"name":"wp","href":"https:\/\/api.w.org\/{rel}","templated":true}]}}